{"id":132,"date":"2013-01-21T12:33:39","date_gmt":"2013-01-21T11:33:39","guid":{"rendered":"http:\/\/anitag.home.amu.edu.pl\/?page_id=132"},"modified":"2018-02-21T17:38:38","modified_gmt":"2018-02-21T16:38:38","slug":"wyklady-dla-ii-roku-201213","status":"publish","type":"page","link":"http:\/\/anitag.home.amu.edu.pl\/?page_id=132","title":{"rendered":"Wyk\u0142ady dla II roku"},"content":{"rendered":"<p><a href=\"http:\/\/anitag.home.amu.edu.pl\/?attachment_id=138\" rel=\"attachment wp-att-138\">Wyk\u0142ad 1 dla II roku<\/a><br \/>\n<a href=\"http:\/\/anitag.home.amu.edu.pl\/?attachment_id=140\" rel=\"attachment wp-att-140\">Wyk\u0142ad 2 dla II roku<\/a><br \/>\n<a href=\"http:\/\/anitag.home.amu.edu.pl\/?attachment_id=141\" rel=\"attachment wp-att-141\">Wyk\u0142ad 3 dla II roku<\/a><br \/>\n<a href=\"http:\/\/anitag.home.amu.edu.pl\/?attachment_id=142\" rel=\"attachment wp-att-142\">Wyk\u0142ad 4 dla II roku<\/a><br \/>\n<a href=\"http:\/\/anitag.home.amu.edu.pl\/?attachment_id=143\" rel=\"attachment wp-att-143\">Wyk\u0142ad 5 dla II roku<\/a><br \/>\n<a href=\"http:\/\/anitag.home.amu.edu.pl\/?attachment_id=144\" rel=\"attachment wp-att-144\">Wyk\u0142ad 6 dla II roku<\/a><br \/>\n<a href=\"http:\/\/anitag.home.amu.edu.pl\/?attachment_id=145\" rel=\"attachment wp-att-145\">Wyk\u0142ad 7 dla II roku<\/a><\/p>\n","protected":false},"excerpt":{"rendered":"<p>Wyk\u0142ad 1 dla II roku Wyk\u0142ad 2 dla II roku Wyk\u0142ad 3 dla II roku Wyk\u0142ad 4 dla II roku Wyk\u0142ad 5 dla II roku Wyk\u0142ad 6 dla II roku Wyk\u0142ad 7 dla II roku<\/p>\n","protected":false},"author":2,"featured_media":0,"parent":129,"menu_order":0,"comment_status":"open","ping_status":"open","template":"","meta":[],"_links":{"self":[{"href":"http:\/\/anitag.home.amu.edu.pl\/index.php?rest_route=\/wp\/v2\/pages\/132"}],"collection":[{"href":"http:\/\/anitag.home.amu.edu.pl\/index.php?rest_route=\/wp\/v2\/pages"}],"about":[{"href":"http:\/\/anitag.home.amu.edu.pl\/index.php?rest_route=\/wp\/v2\/types\/page"}],"author":[{"embeddable":true,"href":"http:\/\/anitag.home.amu.edu.pl\/index.php?rest_route=\/wp\/v2\/users\/2"}],"replies":[{"embeddable":true,"href":"http:\/\/anitag.home.amu.edu.pl\/index.php?rest_route=%2Fwp%2Fv2%2Fcomments&post=132"}],"version-history":[{"count":0,"href":"http:\/\/anitag.home.amu.edu.pl\/index.php?rest_route=\/wp\/v2\/pages\/132\/revisions"}],"up":[{"embeddable":true,"href":"http:\/\/anitag.home.amu.edu.pl\/index.php?rest_route=\/wp\/v2\/pages\/129"}],"wp:attachment":[{"href":"http:\/\/anitag.home.amu.edu.pl\/index.php?rest_route=%2Fwp%2Fv2%2Fmedia&parent=132"}],"curies":[{"name":"wp","href":"https:\/\/api.w.org\/{rel}","templated":true}]}}