{"id":953,"date":"2018-02-09T19:54:15","date_gmt":"2018-02-09T18:54:15","guid":{"rendered":"http:\/\/anitag.home.amu.edu.pl\/?page_id=953"},"modified":"2020-08-10T10:39:54","modified_gmt":"2020-08-10T08:39:54","slug":"dr-wieslawa-wantuch","status":"publish","type":"page","link":"http:\/\/anitag.home.amu.edu.pl\/?page_id=953","title":{"rendered":"dr Wies\u0142awa Wantuch"},"content":{"rendered":"<p style=\"text-align: justify;\"><a href=\"http:\/\/anitag.home.amu.edu.pl\/?attachment_id=1008\" rel=\"attachment wp-att-1008\"><img loading=\"lazy\" class=\"aligncenter\" style=\"float: left; margin: 30px;\" src=\"http:\/\/anitag.home.amu.edu.pl\/wp-content\/uploads\/2018\/02\/WW3-215x300.jpg\" alt=\"\" width=\"150\" height=\"220\" \/><\/a><\/p>\n<p style=\"text-align: justify;\">[Wsp\u00f3\u0142redaktorka i wsp\u00f3\u0142autorka] \u00a0Publikacja pokazuje potencja\u0142 kszta\u0142c\u0105cy, poznawczy i wychowawczy dzia\u0142a\u0144 teatralnych, podejmowanych w przestrzeni szko\u0142y, teatru i\u00a0uczelni. Opisane warsztaty, lekcje, spektakle teatralne, etiudy i dyskusje ilustruj\u0105 proces przemiany ucznia-widza, okazjonalnie zasiadaj\u0105cego na widowni, w \u015bwiadomego odbiorc\u0119 oraz aktora wsp\u00f3\u0142tworz\u0105cego teatralne przedsi\u0119wzi\u0119cie.<\/p>\n<p>&nbsp;<\/p>\n<p style=\"text-align: justify;\"><a href=\"http:\/\/anitag.home.amu.edu.pl\/wp-content\/uploads\/2011\/05\/innowacje-11.jpg\"><br \/>\n<img loading=\"lazy\" class=\"aligncenter\" style=\"float: left; margin: 30px;\" src=\"http:\/\/anitag.home.amu.edu.pl\/wp-content\/uploads\/2011\/05\/innowacje-11-212x300.jpg\" alt=\"\" width=\"150\" height=\"220\" \/><br \/>\n<\/a>[Wsp\u00f3\u0142autorka] Jedyna obecnie publikacja o charakterze tak obszernego kompendium wspomagaj\u0105ca proces kszta\u0142cenia nauczycieli i pozwalaj\u0105ca studentom na wi\u0105zanie praktycznych, \u0107wiczeniowych obserwacji lekcji j\u0119zyka polskiego ze specjalistyczn\u0105 teori\u0105 kszta\u0142cenia j\u0119zykowego, literackiego i kulturowego. Zalet\u0105 publikacji jest wyrazisty i\u00a0oszcz\u0119dny dob\u00f3r tre\u015bci teoretycznych uj\u0119ty w przejrzysty kompozycyjnie spos\u00f3b.<\/p>\n<p>&nbsp;<\/p>\n<p style=\"text-align: justify;\"><a href=\"http:\/\/anitag.home.amu.edu.pl\/?attachment_id=907\" rel=\"attachment wp-att-907\"><img loading=\"lazy\" class=\"aligncenter\" style=\"float: left; margin: 30px;\" src=\"http:\/\/anitag.home.amu.edu.pl\/wp-content\/uploads\/2018\/02\/MKR6-202x300.jpg\" alt=\"\" width=\"150\" height=\"220\" \/><\/a><br \/>\n[Wsp\u00f3\u0142redaktorka] Zr\u00f3\u017cnicowanie wsp\u00f3\u0142czesnej kultury i jej z\u0142o\u017cony charakter wymaga przebudowania my\u015blenia o\u00a0wsp\u00f3\u0142czesnej polonistyce szkolnej. [\u2026]<br \/>\nPodobno w klasycznej szkole angielskiej novum wprowadzano po pi\u0119tnastu latach obserwacji (!). Nam przychodzi \u017cy\u0107 w niepor\u00f3wnywalnie szybciej up\u0142ywaj\u0105cym czasie edukacyjnych przemian. Nowe podr\u0119czniki w naszej rzeczywisto\u015bci zrodzi\u0142y si\u0119 przede wszystkim w \u015brodowisku akademickim i powinno ono doskonali\u0107 po\u015bwi\u0119cony tym pracom model dyskusji, kt\u00f3ra trwa. Tom <em>Mi\u0119dzy szko\u0142\u0105 a\u00a0uniwersytetem<\/em> zostawia na tej drodze cenny \u015blad w postaci bogatej i zr\u00f3\u017cnicowanej tre\u015bci, wnosi te\u017c my\u015bl inspiruj\u0105c\u0105 dalsze poczynania. Ksi\u0105\u017cka powinna wej\u015b\u0107 do literatury przedmiotu.<\/p>\n<h5 style=\"text-align: right;\">(<em>z recenzji dr hab. Barbary Dyduch<\/em>)<\/h5>\n<p style=\"text-align: justify;\"><a href=\"http:\/\/anitag.home.amu.edu.pl\/?attachment_id=1007\" rel=\"attachment wp-att-1007\"><img loading=\"lazy\" class=\"aligncenter\" style=\"float: left; margin: 30px;\" src=\"http:\/\/anitag.home.amu.edu.pl\/wp-content\/uploads\/2018\/02\/WW2.jpg\" alt=\"\" width=\"150\" height=\"220\" \/><\/a><br \/>\nPraca Wies\u0142awy Wantuch to refleksja o tym, dlaczego i jak czyta\u0107 z uczniami poezj\u0119. Autorka oferuje pomys\u0142y oko\u0142o 30 lekcji sprawdzonych w klasach IV-VI szko\u0142y podstawowej, pomys\u0142 na wielogodzinne zaj\u0119cia pozalekcyjne po\u015bwi\u0119cone lekturze i teatralizacji poezji oraz 50 tekst\u00f3w poetyckich, kt\u00f3rych opracowane pomys\u0142y dotycz\u0105. Mo\u017cna z nich korzysta\u0107 niezale\u017cnie od realizowanego programu nauczania.<\/p>\n<p>&nbsp;<\/p>\n<p>&nbsp;<\/p>\n<p style=\"text-align: justify;\"><a href=\"http:\/\/anitag.home.amu.edu.pl\/?attachment_id=1006\" rel=\"attachment wp-att-1006\"><img loading=\"lazy\" class=\"aligncenter\" style=\"float: left; margin: 30px;\" src=\"http:\/\/anitag.home.amu.edu.pl\/wp-content\/uploads\/2018\/02\/WW1-213x300.jpg\" alt=\"\" width=\"150\" height=\"220\" \/><\/a><br \/>\nKsi\u0105\u017cka <em>Aspekty integracji<\/em> \u2026 jest skierowana do nauczycieli j\u0119zyka polskiego oraz innych przedmiot\u00f3w humanistycznych i artystycznych, a tak\u017ce polonist\u00f3w przygotowuj\u0105cych si\u0119 do pracy w tym zawodzie. Autorka opisuje w niej zagadnienie integracji i regu\u0142y jej funkcjonowania w procesie dydaktycznym. Ujmuje to zjawisko na tle wsp\u00f3\u0142czesnych przemian kulturowych \u2013 jako integracj\u0119 postaw, metod, tre\u015bci nauczania. Nast\u0119pnie pisze o integracji z innymi dziedzinami humanistyki oraz wewn\u0105trzprzedmiotowej. Por\u00f3wnuje te\u017c teori\u0119 z praktyk\u0105, bada projekty integracji zawarte w r\u00f3\u017cnych programach oraz podr\u0119cznikach szkolnych.<\/p>\n<hr \/>\n<p style=\"text-align: center;\"><strong>Publikacje (wyb\u00f3r)<\/strong><\/p>\n<p><u>Ksi\u0105\u017cki:<\/u><\/p>\n<ol>\n<li style=\"text-align: justify;\"><em>Aspekty integracji w nauczaniu j\u0119zyka polskiego, <\/em>Wydawnictwo Edukacyjne, Krak\u00f3w 2005.<\/li>\n<li style=\"text-align: justify;\"><em>Poezja w szkole podstawowej. Gry s\u0142\u00f3w i rzeczy, <\/em>Wydawnictwo Edukacyjne, Krak\u00f3w 2006.<\/li>\n<\/ol>\n<p><u>Redakcja rozpraw naukowych:<\/u><\/p>\n<ol>\n<li style=\"text-align: justify;\"><em>Mi\u0119dzy szko\u0142\u0105 a uniwersytetem. Odbiorcy w nowych podr\u0119cznikach dla reformuj\u0105cej si\u0119 szko\u0142y<\/em>, wsp\u00f3\u0142redakcja M. Kwiatkowska-Ratajczak, Wydawnictwo \u201ePozna\u0144skie Studia Polonistyczne\u201d, Pozna\u0144 2008.<\/li>\n<li style=\"text-align: justify;\">Chrz\u0105stowska, <em>Przedmiot, podmiot i proces. Szkice z metodyki kszta\u0142cenia polonistycznego<\/em>, wsp\u00f3\u0142redakcja M. Kwiatkowska-Ratajczak, Wydawnictwo \u201ePozna\u0144skie Studia Polonistyczne\u201d, Pozna\u0144 2009.<\/li>\n<li style=\"text-align: justify;\"><em>Ucze\u0144 \u2013 nauczyciel \u2013 badacz w przestrzeni teatru<\/em>, wsp\u00f3\u0142redakcja B. Gromadzka, J.\u00a0Kaniewski, Wydawnictwo Naukowe UAM, Pozna\u0144 2015.<\/li>\n<\/ol>\n<p><u>\u00a0<\/u><u>Redakcja czasopisma <\/u><\/p>\n<ol>\n<li>\u201ePolonistyka\u201d 2000, nr 9, <em>Literatura \u201e\u017ale obecna\u201d \u2013 dzisiaj<\/em>, art. wst\u0119pny.<\/li>\n<li>\u201ePolonistyka\u201d 2004, nr 7, \u00a0<em>O rado\u015bci bog\u00f3w?<\/em>, art. wst\u0119pny<\/li>\n<li>\u201ePolonistyka\u201d 2011, nr 11, <em>Lekcje w muzeum, <\/em> wst\u0119pny.<\/li>\n<li>\u201ePolonistyka\u201d 2013, nr 2, <em>(Auto)biografia na u\u017cytek szkolny.<\/em><\/li>\n<\/ol>\n<p><u>\u00a0<\/u><u>Artyku\u0142y i rozprawy:<\/u><\/p>\n<ol>\n<li style=\"text-align: justify;\"><em>Imperatyw uczestnictwa. O poezji Wiktora Woroszylskiego, <\/em>\u201eKultura Niezale\u017cna\u201d 1989, nr 56.<\/li>\n<li style=\"text-align: justify;\"><em>\u201eKrzyk duszy nie nadaje si\u0119 do druku<\/em>\u201d, \u201eArkusz\u201d 1993, nr 25.<\/li>\n<li style=\"text-align: justify;\"><em>Wiatyk poetycki (albo k\u0142opoty z nieistnieniem), <\/em>\u201eArkusz\u201d 1995, nr 8.<\/li>\n<li style=\"text-align: justify;\"><em>\u201eMetafizyka przedstawiona\u201d w poezji urodzonych po roku sze\u015b\u0107dziesi\u0105tym<\/em>, [w:] <em>Literatura wobec niewyra\u017calnego<\/em>, pod red. W\u0142. Boleckiego i E. Ku\u017amy, Wydawnictwo IBL PAN, Warszawa 1998.<\/li>\n<li style=\"text-align: justify;\"><em>Miron Bia\u0142oszewski. W poszukiwaniu kontekstu, <\/em>[w:] <em>Glosariusz od M\u0142odej Polski do wsp\u00f3\u0142czesno\u015bci. Materia\u0142y do kszta\u0142cenia literackiego w szkole \u015brednie, p<\/em>od red. T.\u00a0Patrza\u0142ka, Ossolineum [wydanie \u201dodnowione\u201d], Wroc\u0142aw 1998.<\/li>\n<li style=\"text-align: justify;\"><em>\u0106wiczenie nieobecno\u015bci<\/em> <em>w ostatnim tomiku Woroszylskiego<\/em> (szkic o <em>Ostatnim razie<\/em> Woroszylskiego), \u201ePolonistyka\u201d1999, nr 4.<\/li>\n<li style=\"text-align: justify;\"><em>Don Kichotowe boje o integracj\u0119<\/em>, \u201ePolonistyka\u201d 1999, nr 7.<\/li>\n<li style=\"text-align: justify;\"><em>\u201eDetektyw\u201d czy \u201eSzatan\u201d, czyli jak integrowa\u0107 przy u\u017cyciu gry planszowej<\/em>, \u201eNowa Polszczyzna\u201d 1999, nr 5.<\/li>\n<li style=\"text-align: justify;\"><em>Fotografia jako wprowadzenie do czytania obrazu i tekstu, <\/em>[w:] <em>Wyzwania pedagogiki medialnej nowe perspektywy XXI wieku<\/em>, pod red. M. Soko\u0142owskiego, Olsztyn 2001.<\/li>\n<li style=\"text-align: justify;\"><em>Cykl liryczny \u2013 tomik \u2013 seria poetycka<\/em>. <em>Z dziej\u00f3w \u201egatunku\u201d literackiego i\u00a0wydawniczego, <\/em>[w:] <em>Cykl literacki w Polsce, <\/em>pod red. K. Jakowskiej, B.Olech i\u00a0K.Soko\u0142owskiej, Bia\u0142ystok 2001.<\/li>\n<li style=\"text-align: justify;\"><em>Ukojenie zachwytu <\/em>\u201ePolonistyka\u201d 2004, nr 1.<\/li>\n<li style=\"text-align: justify;\"><em>Przyswaja\u0107 sobie j\u0119zyki <\/em>\u201ePolonistyka\u201d 2004, nr 3.<\/li>\n<li style=\"text-align: justify;\"><em>Propaganda sukcesu ad 2054<\/em>, \u201ePolonistyka\u201d 2004, nr 7.<\/li>\n<li style=\"text-align: justify;\"><em>P\u0142aszczyzny integracji w nauczaniu j\u0119zyka polskiego<\/em>, [w:] <em>Literatura i j\u0119zyk, <\/em>pod red. K. Meller, K. Trybusia, Wyd. \u201ePozna\u0144skie Studia Polonistyczne\u201d, Pozna\u0144 2004.<\/li>\n<li style=\"text-align: justify;\"><em>Groteska prawd\u0119 ci powie, <\/em>\u201ePolonistyka\u201d 2004, nr 9 (dodatek nr 2 <em>Matura \u2013 egzamin wewn\u0119trzny<\/em>).<\/li>\n<li style=\"text-align: justify;\"><em>Genologia w s\u0142u\u017cbie integracji<\/em>, [w:] <em>Metodyka a nauka o literaturze i nauka o j\u0119zyku, <\/em>pod red. Michu\u0142ki i K. Baku\u0142y, Wyd. WTN, Wroc\u0142aw 2005.<\/li>\n<li style=\"text-align: justify;\"><em>Odczytywanie popio\u0142\u00f3w za Marciem Chagallem i Jerzym Ficowskim, <\/em>[w:] <em>Semiotyka cyklu. Cykl w muzyce, plastyce i literaturze, <\/em>pod red. M. Demskiej-Tr\u0119bacz, K.Jakowskiej i R.Siomy, Wyd. Uniwersytetu w Bia\u0142ymstoku, Bia\u0142ystok 2005.<\/li>\n<li style=\"text-align: justify;\"><em>Konstruktywizm na lekcjach j\u0119zyka polskiego<\/em>, [w:] <em>Dzwonek na lekcj\u0119 polskiego<\/em>. <em>Nowe tre\u015bci, tendencje i metody w dydaktyce j\u0119zyka polskiego: Materia\u0142y mi\u0119dzynarodowej konferencji naukowo-metodycznej<\/em>, Wilno 21\u201322 pa\u017adziernika 2004 r., pod red. I. Masoj\u0107 i R. Naru\u0144ca. \u2013 VPU leidykla, Vilnius 2005.<\/li>\n<li style=\"text-align: justify;\"><em>Z dziej\u00f3w jednego tomiku <\/em>(Jerzy Ficowski <em>Odczytanie popio\u0142\u00f3w<\/em>) \u2013 preliminaria, [w:] <em>O historyczno\u015bci, <\/em>pod redakcj\u0105 K. Meller, K. Trybusia, Wydawnictwo \u201ePozna\u0144skie Studia Polonistyczne\u201d, Pozna\u0144 2006.<\/li>\n<li style=\"text-align: justify;\"><em>Instrumentacja g\u0142oskowa\/d\u017awi\u0119kowa,<\/em> <em>Rymy<\/em>,<em> Strofika, <\/em>[w:] <em>\u0106wiczenia z poetyki<\/em>, pod red. naukow\u0105 A. Gajewskiej, T. Mizerkiewicza, Wyd. Naukowe PWN, Warszawa<\/li>\n<li style=\"text-align: justify;\"><em>Ilustracje tomik\u00f3w poezji dla dzieci jako wprowadzenie do lektury<\/em>, [w:] <em>Czytanie tekst\u00f3w kultury. Metodologia, badania<\/em>, red. B. Myrdzik, I. Morawska, UMCS. Lublin 2007, s. 425\u2013436.<\/li>\n<li style=\"text-align: justify;\"><em>J\u0119zyk polski dla niepe\u0142nosprawnych, czyli o podr\u0119cznikach, kt\u00f3rych nie ma &#8230;<\/em>, [w:] <em>Mi\u0119dzy szko\u0142\u0105 a uniwersytetem. Odbiorcy w nowych podr\u0119cznikach dla reformuj\u0105cej si\u0119 szko\u0142y<\/em>, red. M. Kwiatkowska-Ratajczak, W. Wantuch, Pozna\u0144 2008, s. 193\u2013202 (wsp\u00f3\u0142autorka: A, Brause).<\/li>\n<li style=\"text-align: justify;\"><em>Polsko\u015b\u0107 jako sytuacja (szkoln<\/em>a), [w:] <em> J\u0119zyk. Edukacja. Dialogi wsp\u00f3\u0142czesno\u015bci z\u00a0tradycj\u0105<\/em>, red. B. Gromadzka, D. Mrozek, J. Kaniewski, Pozna\u0144 2008, s. 332\u2013344.<\/li>\n<li style=\"text-align: justify;\"><em>W\u0119ze\u0142 gordyjski przec<\/em>i<em>\u0105\u0107<\/em>, \u201eNowa Polszczyzna\u201d 2008, nr 1.<\/li>\n<li style=\"text-align: justify;\"><em>Z religi\u0105 pod wiatr<\/em>, \u201ePolonistyka\u201d 2008, nr 7.<\/li>\n<li style=\"text-align: justify;\"><em>Ukamienowano go pomnikiem?,<\/em> \u201ePolonistyka\u201d 2008, nr 8.<\/li>\n<li style=\"text-align: justify;\"><em>Tristan i Izolda-czy tylko mi\u0142o\u015b\u0107 z przeszkodami?<\/em>, \u201ePolonistyka\u201d 2009, nr 1.<\/li>\n<li style=\"text-align: justify;\"><em>Pippi kontra Lisa? Astrid Lindgren dla gimnazjalist\u00f3w<\/em>, \u201ePolonistyka\u201d 2009, nr 10.<\/li>\n<li style=\"text-align: justify;\"><em>Metamorfozy rzeczy w poezji o PRL-u<\/em>, [w:] <em>PRL-\u015bwiat (nie)przedstawiony<\/em>, red. A.\u00a0Czy\u017cak, J. Galant, M. Jaworski , Pozna\u0144 2010, s. 341\u2013349.<\/li>\n<li style=\"text-align: justify;\"><em>Cykl poetycki<\/em>, [w:] <em>Kompozycja i genologia. \u0106wiczenia z poetyk<\/em>i, red. A. Gajewska, Pozna\u0144 2010, s. 130\u2013132; 297\u2013301.<\/li>\n<li style=\"text-align: justify;\"><em>\u201ePolonistyka\u201d dla wszystkich (?) polonist\u00f3w\/polonistek<\/em>, \u201ePogranicza\u201d 2010, nr 6.<\/li>\n<li style=\"text-align: justify;\"><em>Powie\u015bci Woroszylskiego dla dzieci i m\u0142odzie\u017cy w poszukiwaniu czytelnika<\/em>, [w:]<em> Stare i nowe w literaturze dla dzieci i m\u0142odzie\u017cy<\/em>, red. B. Olszewska i E. \u0141ucka-Zaj\u0105c, Opole 2010.<\/li>\n<li style=\"text-align: justify;\"><em>Inteligent czy nauczyciel? Mi\u0119dzy misj\u0105 a dymisj\u0105, <\/em>[w:] <em>Etyka nauczyciela<\/em>, red. Bajan i S. J. \u017burek, Lublin, 2011.<\/li>\n<li style=\"text-align: justify;\"><em>Badanie praktyki \u2013 praktykowanie bada\u0144, <\/em>\u201ePolonistyka\u201d 2011, nr 10.<\/li>\n<li style=\"text-align: justify;\"><em>Widzie\u0107 \u2013 wiedzie\u0107 wi\u0119cej<\/em>, \u201ePolonistyka\u201d 2011, nr 11.<\/li>\n<li style=\"text-align: justify;\"><em>Dob\u00f3r tre\u015bci kszta\u0142cenia<\/em>, [w:] <em>Innowacje i metody. Podr\u0119cznik akademicki kszta\u0142cenia polonistycznego, <\/em> 1 <em>W kr\u0119gu teorii i praktyki, <\/em>pod red. M. Kwiatkowskiej-Ratajczak, Pozna\u0144 2011, s. 95\u2013108.<\/li>\n<li style=\"text-align: justify;\"><em>Ku samokszta\u0142cenie<\/em>, [w:] <em>Innowacje i metody. Podr\u0119cznik akademicki kszta\u0142cenia polonistycznego, <\/em> 1 <em>W kr\u0119gu teorii i praktyki, <\/em>pod red. M. Kwiatkowskiej-Ratajczak, Pozna\u0144 2011, s. 109\u2013130 (wsp\u00f3\u0142autorka B. Chrz\u0105stowska).<\/li>\n<li style=\"text-align: justify;\"><em>Praca z uczniem o specjalnych potrzebach edukacyjnych<\/em>, [w:] <em>Innowacje i metody. Podr\u0119cznik akademicki kszta\u0142cenia polonistycznego, <\/em> 1 <em>W kr\u0119gu teorii i praktyki, <\/em>pod red. M. Kwiatkowskiej-Ratajczak, Pozna\u0144 2011, s. 199\u2013217.<\/li>\n<li style=\"text-align: justify;\"><em>Reformowanie i planowanie &#8211; granice i pozory wolno\u015bci<\/em>, [w:] <em>Innowacje i metody. Podr\u0119cznik akademicki kszta\u0142cenia polonistycznego, <\/em> 1 <em>W kr\u0119gu teorii i praktyki, <\/em>pod red. M. Kwiatkowskiej-Ratajczak, Pozna\u0144 2011, s. 331\u2013352 (wsp\u00f3\u0142autorka B.\u00a0Chrz\u0105stowska).<\/li>\n<li style=\"text-align: justify;\"><em>Czytanie ze zrozumieniem<\/em>, [w:] <em>Innowacje i metody. Podr\u0119cznik akademicki kszta\u0142cenia polonistycznego, <\/em> 1 <em>W kr\u0119gu teorii i praktyki, <\/em>pod red. M. Kwiatkowskiej-Ratajczak, Pozna\u0144 2011, s. 385 &#8211; 402.<\/li>\n<li style=\"text-align: justify;\"><em>Zmieni\u0142o si\u0119 oblicze \u015bwiata, czyli dzieci\u0144stwo do wymiany, <\/em>\u201ePolonistyka\u201d 2012, nr 8.<\/li>\n<li style=\"text-align: justify;\"><em>\u201eMetodyka b\u0142\u0105dzenia\u201d mi\u0119dzy integracj\u0105 a interdyscyplinarno\u015bci\u0105<\/em>, [w:] <em>Integracja wczoraj i dzi\u015b w kszta\u0142ceniu polonistycznym T.1<\/em>, red. T.1 A. Jakubowskiej-O\u017c\u00f3g, E.\u00a0Koz\u0142owska, A. Kucharska-Babula; Wyd. Uniwersytetu Rzeszowskiego, Rzesz\u00f3w, 2013.<\/li>\n<li style=\"text-align: justify;\"><em>Od \u201ebada\u0144 w dzia\u0142aniu\u201d do \u201eopowiadania na \u017cywo\u201d. Przygotowanie student\u00f3w do korzystania z \u017cycia kulturalnego jako inspiracji do zaj\u0119\u0107 dydaktycznych , <\/em>[w:]<em> Przez praktyki do praktyki. W stron\u0119 innowacyjno\u015bci w kszta\u0142ceniu nauczycieli<\/em>, red. I.\u00a0Morawska, M. Latoch-Zieli\u0144ska, B.J arosz, M. Ausz, Uniwersytet Marii Curie-Sk\u0142odowskiej, Lublin 2014.<\/li>\n<li style=\"text-align: justify;\">Ba\u015b\u0144 w szkole \u2013 wobec zwrotu narratywistycznego i performatywnego, [w:] Polonistyka dzi\u015b \u2013 kszta\u0142cenie dla jutra, red. K. Biedrzycki, W. Bobi\u0144ski, A. Janus-Sitarz i\u00a0R.\u00a0Przybylska, Wydawnictwo TAiWPN UNIVERSITAS, Krak\u00f3w, 2014.<\/li>\n<li style=\"text-align: justify;\"><em>\u201eDam\u0105 by\u0107\u201d <\/em><em>\u2013<\/em><em> wizerunek Wis\u0142awy Szymborskiej w prasie codziennej i kolorowej,<\/em> [w:] <em>Niepoj\u0119ty przypadek. O poezji Wis\u0142awy Szymborskiej<\/em> , red. J. Gr\u0105dziel-W\u00f3jcik, K.\u00a0Skibski, Wydawnictwo Pasa\u017ce, Krak\u00f3w 2015.<\/li>\n<li><em>Badania w dzia\u0142aniu a kompetencje spo\u0142eczne badacza \u2013 studenta \u2013 nauczyciela<\/em>, [w:] <em>Polonista na rynku pracy. O strategiach dostosowania kszta\u0142cenia student\u00f3w do wyzwa\u0144 rynku pracy<\/em>, red. A. Gis, M. Wobalis, Wydawnictwo Naukowe UAM, Pozna\u0144 2016.<\/li>\n<li><em>Ucze\u0144 \u2013 nauczyciel \u2013 badacz w przestrzeni teatru<\/em>, red. Beata Gromadzka, Jerzy Kaniewski, Wies\u0142awa Wantuch, Wydawnictwo Naukowe UAM, Pozna\u0144 2015.<\/li>\n<\/ol>\n<p><u>Recenzje<\/u><\/p>\n<ol>\n<li style=\"text-align: justify;\"><em>Pomi\u0119dzy instynktem a intelektem<\/em>, \u201eNowe Ksi\u0105\u017cki\u201d 1998, nr 3 [rec. H. Po\u015bwiatowska, <em>Dzie\u0142a<\/em>, t. 1\u20132, Poezje].<\/li>\n<li style=\"text-align: justify;\"><em>M\u00f3j up\u00f3r, moja mi\u0142o\u015b\u0107, m\u00f3j b\u00f3l<\/em>, \u201eNowe Ksi\u0105\u017cki\u201d 1998, nr 7 [rec. H. Po\u015bwiatowska, <em>Dzie\u0142a<\/em>, t.3, <em>Proza<\/em>].<\/li>\n<li style=\"text-align: justify;\"><em>Pisanie sob\u0105<\/em>, \u201eNowe Ksi\u0105\u017cki\u201d 1998, nr 9 [rec. H. Po\u015bwiatowska, <em>Dzie\u0142a<\/em>. t.4. <em>List<\/em>y].<\/li>\n<li style=\"text-align: justify;\"><em>Ksi\u0105\u017cka czy wiedza?<\/em>, \u201eNowe Ksi\u0105\u017cki\u201d 1998, nr 5 [rec. T. Mi\u0142kowski, J. Tremer, Leksykon dzie\u0142 i temat\u00f3w literatury polskiej].<\/li>\n<li style=\"text-align: justify;\"><em>Zaw\u00f3d: pisarz, czyli mi\u0119dzy tworzeniem a produkcj\u0105<\/em>, \u201eArkusz\u201d 1998, nr 12 [rec. <em>Jak napisa\u0107 powie\u015b\u0107<\/em>].<\/li>\n<li style=\"text-align: justify;\"><em>Powie\u015b\u0107 rodzin\u0105 silna<\/em>, \u201eNowe Ksi\u0105\u017cki\u201d 1999, nr 2 [rec. M. Brz\u00f3stowicz, <em>Wizerunek rodziny w polskiej prozie wsp\u00f3\u0142czesnej<\/em>].<\/li>\n<li style=\"text-align: justify;\"><em>Wiersze zamiast poezji<\/em>, \u201ePolonistyka\u201d 1999, nr 1 [rec. D. Dabert, <em>Zbuntowane wiersze<\/em>].<\/li>\n<li style=\"text-align: justify;\"><em>Imperium? Atakuje?,<\/em> \u201ePolonistyka\u201d 1999, nr 2 [rec. E. Korulska, <em>Hobbit, czyli Wielka Przygoda z lektur\u0105<\/em> i M. Wojtyszko, <em>Bambuko, czyli skandal w krainie gier<\/em>].<\/li>\n<li style=\"text-align: justify;\"><em>Prawo serii<\/em>, \u201eGazeta Malarzy i Poet\u00f3w\u201d 1999, nr 2\/3 [rec. tomik\u00f3w Grupi\u0144skiego, K\u0119pi\u0144skiego, \u015aliwki, Kaspra].<\/li>\n<li style=\"text-align: justify;\"><em>Wszystko w jednym<\/em>, \u201ePolonistyka\u201d 1999, nr 6 [rec. podr\u0119cznika Ogl\u0105dam \u015bwiat].<\/li>\n<li style=\"text-align: justify;\"><em>\u017bycie jest szko\u0142\u0105<\/em>, \u201eNowe Ksi\u0105\u017cki\u201d 1999, nr 7 [rec. <em>Kontekst\u00f3w polonistycznej edukacji<\/em>, pod. red. M. Kwiatkowskiej-Ratajczak, S. Wys\u0142ouch, Wydawnictwo \u201ePozna\u0144skie Studia Polonistyczne\u201d, Wydawnictwo \u201ePozna\u0144skie Studia Polonistyczne\u201d, Pozna\u0144 1999].<\/li>\n<li style=\"text-align: justify;\"><em>Zachwyt a\u017c do b\u00f3lu,<\/em> \u201eNowe Ksi\u0105\u017cki\u201d 1999, nr 10 [rec. W\u0142. Michalski, <em>Lekcja wsp\u00f3lnego j\u0119zyka<\/em>].<\/li>\n<li style=\"text-align: justify;\"><em>Jak si\u0119 wiersz ma do dnia?<\/em>, \u201eArkusz\u201d 1999, nr 12 [rec. P. Kajewskiego, <em>Wiersz w toku<\/em>].<\/li>\n<li style=\"text-align: justify;\"><em>Psychologia na u\u017cytek szko\u0142y<\/em>, \u201ePolonistyka\u201d 1999, nr 9 [rec. D. Fontany, <em>Psychologia dla nauczycieli<\/em>].<\/li>\n<li><em>Za plecami Mony Lizy<\/em>, \u201eNowe Ksi\u0105\u017cki\u201d 2000, nr 2 [rec.].<\/li>\n<li><em>Czytane od ko\u0144ca<\/em>, \u201eNowe Ksi\u0105\u017cki\u201d 2000, nr 4 [rec.].<\/li>\n<li><em>\u017byrafa czy chimera?<\/em>, \u201eNowe Ksi\u0105\u017cki\u201d 2000, nr 7 [rec.].<\/li>\n<li><em>Co jest za t\u0105 \u015bcian\u0105?<\/em>, \u201eNowe Ksi\u0105\u017cki\u201d 2000, nr 9 [rec.].<\/li>\n<li><em>Mistyka i optyka<\/em>, \u201eGazeta Malarzy i Poet\u00f3w\u201d 2000, nr 3 [rec.].<\/li>\n<li><em>Czy pisarstwa mo\u017cna si\u0119 \u201enauczy\u0107\u201d?<\/em>, \u201eArkusz\u201d 2000, nr 11 [rec.].<\/li>\n<\/ol>\n<p><u>Wywiady<\/u><\/p>\n<ol>\n<li style=\"text-align: justify;\"><em>Przyk\u0142ad \u017cycia niemo\u017cliwego. Rozmowa z Z. A. K\u0142ak\u00f3wn\u0105<\/em>, \u201ePolonistyka\u201d 1999, nr 8 [wywiad].<\/li>\n<li style=\"text-align: justify;\"><em>Od samego mierzenia nic nie ro\u015bnie! <\/em>(rozmowa z prof. J. Potworowskim) \u201ePolonistyka\u201d 2004, nr 6.<\/li>\n<\/ol>\n<p>&nbsp;<\/p>\n<p><em>\u00a0<\/em><\/p>\n","protected":false},"excerpt":{"rendered":"<p>[Wsp\u00f3\u0142redaktorka i wsp\u00f3\u0142autorka] \u00a0Publikacja pokazuje potencja\u0142 kszta\u0142c\u0105cy, poznawczy i wychowawczy dzia\u0142a\u0144 teatralnych, podejmowanych w przestrzeni szko\u0142y, teatru i\u00a0uczelni. Opisane warsztaty, lekcje, spektakle teatralne, etiudy i dyskusje ilustruj\u0105 proces przemiany ucznia-widza, okazjonalnie zasiadaj\u0105cego na widowni, w \u015bwiadomego odbiorc\u0119 oraz aktora wsp\u00f3\u0142tworz\u0105cego &hellip; <a href=\"http:\/\/anitag.home.amu.edu.pl\/?page_id=953\">Czytaj dalej <span class=\"meta-nav\">&rarr;<\/span><\/a><\/p>\n","protected":false},"author":1,"featured_media":0,"parent":12,"menu_order":5,"comment_status":"closed","ping_status":"closed","template":"","meta":[],"_links":{"self":[{"href":"http:\/\/anitag.home.amu.edu.pl\/index.php?rest_route=\/wp\/v2\/pages\/953"}],"collection":[{"href":"http:\/\/anitag.home.amu.edu.pl\/index.php?rest_route=\/wp\/v2\/pages"}],"about":[{"href":"http:\/\/anitag.home.amu.edu.pl\/index.php?rest_route=\/wp\/v2\/types\/page"}],"author":[{"embeddable":true,"href":"http:\/\/anitag.home.amu.edu.pl\/index.php?rest_route=\/wp\/v2\/users\/1"}],"replies":[{"embeddable":true,"href":"http:\/\/anitag.home.amu.edu.pl\/index.php?rest_route=%2Fwp%2Fv2%2Fcomments&post=953"}],"version-history":[{"count":0,"href":"http:\/\/anitag.home.amu.edu.pl\/index.php?rest_route=\/wp\/v2\/pages\/953\/revisions"}],"up":[{"embeddable":true,"href":"http:\/\/anitag.home.amu.edu.pl\/index.php?rest_route=\/wp\/v2\/pages\/12"}],"wp:attachment":[{"href":"http:\/\/anitag.home.amu.edu.pl\/index.php?rest_route=%2Fwp%2Fv2%2Fmedia&parent=953"}],"curies":[{"name":"wp","href":"https:\/\/api.w.org\/{rel}","templated":true}]}}